{"id":824,"date":"2024-06-12T22:03:27","date_gmt":"2024-06-12T20:03:27","guid":{"rendered":"https:\/\/imse.sk\/contact\/"},"modified":"2024-11-26T10:07:59","modified_gmt":"2024-11-26T09:07:59","slug":"contact","status":"publish","type":"page","link":"https:\/\/imse.sk\/en\/contact\/","title":{"rendered":"Contact"},"content":{"rendered":"\t\t<div data-elementor-type=\"wp-page\" data-elementor-id=\"824\" class=\"elementor elementor-824 elementor-25\" data-elementor-post-type=\"page\">\n\t\t\t\t<div class=\"elementor-element elementor-element-19410a58 e-flex e-con-boxed e-con e-parent\" data-id=\"19410a58\" data-element_type=\"container\" data-e-type=\"container\" data-settings=\"{&quot;background_background&quot;:&quot;classic&quot;}\">\n\t\t\t\t\t<div class=\"e-con-inner\">\n\t\t\t\t<div class=\"elementor-element elementor-element-3c58b29 elementor-icon-list--layout-traditional elementor-list-item-link-full_width elementor-widget elementor-widget-icon-list\" data-id=\"3c58b29\" data-element_type=\"widget\" data-e-type=\"widget\" data-widget_type=\"icon-list.default\">\n\t\t\t\t<div class=\"elementor-widget-container\">\n\t\t\t\t\t\t\t<ul class=\"elementor-icon-list-items\">\n\t\t\t\t\t\t\t<li class=\"elementor-icon-list-item\">\n\t\t\t\t\t\t\t\t\t\t\t<a href=\"tel:+421910251362\">\n\n\t\t\t\t\t\t\t\t\t\t\t<span class=\"elementor-icon-list-text\">0910 251 362<\/span>\n\t\t\t\t\t\t\t\t\t\t\t<\/a>\n\t\t\t\t\t\t\t\t\t<\/li>\n\t\t\t\t\t\t\t\t<li class=\"elementor-icon-list-item\">\n\t\t\t\t\t\t\t\t\t\t\t<a href=\"mailto:info@imse.sk\">\n\n\t\t\t\t\t\t\t\t\t\t\t<span class=\"elementor-icon-list-text\">info@imse.sk<\/span>\n\t\t\t\t\t\t\t\t\t\t\t<\/a>\n\t\t\t\t\t\t\t\t\t<\/li>\n\t\t\t\t\t\t<\/ul>\n\t\t\t\t\t\t<\/div>\n\t\t\t\t<\/div>\n\t\t\t\t\t<\/div>\n\t\t\t\t<\/div>\n\t\t<div class=\"elementor-element elementor-element-524f7c8c e-grid e-con-boxed e-con e-parent\" data-id=\"524f7c8c\" data-element_type=\"container\" data-e-type=\"container\" data-settings=\"{&quot;background_background&quot;:&quot;classic&quot;}\">\n\t\t\t\t\t<div class=\"e-con-inner\">\n\t\t<div class=\"elementor-element elementor-element-79208ffd e-flex e-con-boxed e-con e-child\" data-id=\"79208ffd\" data-element_type=\"container\" data-e-type=\"container\" data-settings=\"{&quot;background_background&quot;:&quot;classic&quot;}\">\n\t\t\t\t\t<div class=\"e-con-inner\">\n\t\t\t\t<div class=\"elementor-element elementor-element-4d9005e0 elementor-widget elementor-widget-image\" data-id=\"4d9005e0\" data-element_type=\"widget\" data-e-type=\"widget\" data-widget_type=\"image.default\">\n\t\t\t\t<div class=\"elementor-widget-container\">\n\t\t\t\t\t\t\t\t\t\t\t\t\t\t\t<img decoding=\"async\" width=\"158\" height=\"109\" src=\"https:\/\/imse.sk\/wp-content\/uploads\/2024\/06\/imse2.svg\" class=\"attachment-large size-large wp-image-554\" alt=\"\" \/>\t\t\t\t\t\t\t\t\t\t\t\t\t\t\t<\/div>\n\t\t\t\t<\/div>\n\t\t\t\t<div class=\"elementor-element elementor-element-7e01669 elementor-widget elementor-widget-text-editor\" data-id=\"7e01669\" data-element_type=\"widget\" data-e-type=\"widget\" data-widget_type=\"text-editor.default\">\n\t\t\t\t<div class=\"elementor-widget-container\">\n\t\t\t\t\t\t\t\t\t<p><strong>IMS.Vasilik, s.r.o.<\/strong><br \/>Levo\u010dsk\u00e1 335\/1<br \/>064 01 Star\u00e1 \u013dubov\u0148a<\/p>\n<p>I\u010cO: 55218881<br \/>I\u010c DPH: SK2121907073<\/p>\n\t\t\t\t\t\t\t\t<\/div>\n\t\t\t\t<\/div>\n\t\t\t\t<div class=\"elementor-element elementor-element-117d29e elementor-widget elementor-widget-text-editor\" data-id=\"117d29e\" data-element_type=\"widget\" data-e-type=\"widget\" data-widget_type=\"text-editor.default\">\n\t\t\t\t<div class=\"elementor-widget-container\">\n\t\t\t\t\t\t\t\t\t<p><strong>Konate\u013e spolo\u010dnosti<\/strong><br \/>Martin Vasil\u00edk<\/p>\n\t\t\t\t\t\t\t\t<\/div>\n\t\t\t\t<\/div>\n\t\t\t\t\t<\/div>\n\t\t\t\t<\/div>\n\t\t<div class=\"elementor-element elementor-element-2bc6cc5 e-flex e-con-boxed e-con e-child\" data-id=\"2bc6cc5\" data-element_type=\"container\" data-e-type=\"container\" data-settings=\"{&quot;background_background&quot;:&quot;classic&quot;}\">\n\t\t\t\t\t<div class=\"e-con-inner\">\n\t\t\t\t<div class=\"elementor-element elementor-element-4f4d4fdc elementor-widget elementor-widget-image\" data-id=\"4f4d4fdc\" data-element_type=\"widget\" data-e-type=\"widget\" data-widget_type=\"image.default\">\n\t\t\t\t<div class=\"elementor-widget-container\">\n\t\t\t\t\t\t\t\t\t\t\t\t\t\t\t<img decoding=\"async\" width=\"158\" height=\"109\" src=\"https:\/\/imse.sk\/wp-content\/uploads\/2024\/06\/ims.svg\" class=\"attachment-large size-large wp-image-552\" alt=\"\" \/>\t\t\t\t\t\t\t\t\t\t\t\t\t\t\t<\/div>\n\t\t\t\t<\/div>\n\t\t\t\t<div class=\"elementor-element elementor-element-c85ee8d elementor-widget elementor-widget-text-editor\" data-id=\"c85ee8d\" data-element_type=\"widget\" data-e-type=\"widget\" data-widget_type=\"text-editor.default\">\n\t\t\t\t<div class=\"elementor-widget-container\">\n\t\t\t\t\t\t\t\t\t<p><strong>IMS.Vasilik, s.r.o.<\/strong><br \/>Levo\u010dsk\u00e1 335\/1<br \/>064 01 Star\u00e1 \u013dubov\u0148a<\/p>\n<p>I\u010cO: 45617180<br \/>I\u010c DPH: SK2023060512<\/p>\n\t\t\t\t\t\t\t\t<\/div>\n\t\t\t\t<\/div>\n\t\t\t\t<div class=\"elementor-element elementor-element-062ba60 elementor-widget elementor-widget-text-editor\" data-id=\"062ba60\" data-element_type=\"widget\" data-e-type=\"widget\" data-widget_type=\"text-editor.default\">\n\t\t\t\t<div class=\"elementor-widget-container\">\n\t\t\t\t\t\t\t\t\t<p><strong>Konate\u013e spolo\u010dnosti<\/strong><br \/>Martin Vasil\u00edk<\/p>\n\t\t\t\t\t\t\t\t<\/div>\n\t\t\t\t<\/div>\n\t\t\t\t\t<\/div>\n\t\t\t\t<\/div>\n\t\t<div class=\"elementor-element elementor-element-558e51e e-flex e-con-boxed e-con e-child\" data-id=\"558e51e\" data-element_type=\"container\" data-e-type=\"container\" data-settings=\"{&quot;background_background&quot;:&quot;classic&quot;}\">\n\t\t\t\t\t<div class=\"e-con-inner\">\n\t\t\t\t<div class=\"elementor-element elementor-element-1aad5699 elementor-widget elementor-widget-image\" data-id=\"1aad5699\" data-element_type=\"widget\" data-e-type=\"widget\" data-widget_type=\"image.default\">\n\t\t\t\t<div class=\"elementor-widget-container\">\n\t\t\t\t\t\t\t\t\t\t\t\t\t\t\t<img decoding=\"async\" width=\"158\" height=\"109\" src=\"https:\/\/imse.sk\/wp-content\/uploads\/2024\/06\/ass.svg\" class=\"attachment-large size-large wp-image-548\" alt=\"\" \/>\t\t\t\t\t\t\t\t\t\t\t\t\t\t\t<\/div>\n\t\t\t\t<\/div>\n\t\t\t\t<div class=\"elementor-element elementor-element-5755bd3 elementor-widget elementor-widget-text-editor\" data-id=\"5755bd3\" data-element_type=\"widget\" data-e-type=\"widget\" data-widget_type=\"text-editor.default\">\n\t\t\t\t<div class=\"elementor-widget-container\">\n\t\t\t\t\t\t\t\t\t<p><strong>ASS-Drobnak s.r.o.<\/strong><br \/>Levo\u010dsk\u00e1 335\/1<br \/>064 01 Star\u00e1 \u013dubov\u0148a<\/p>\n<p>I\u010cO: 45430853<br \/>I\u010c DPH: SK2023024311<\/p>\n\t\t\t\t\t\t\t\t<\/div>\n\t\t\t\t<\/div>\n\t\t\t\t<div class=\"elementor-element elementor-element-05742d1 elementor-widget elementor-widget-text-editor\" data-id=\"05742d1\" data-element_type=\"widget\" data-e-type=\"widget\" data-widget_type=\"text-editor.default\">\n\t\t\t\t<div class=\"elementor-widget-container\">\n\t\t\t\t\t\t\t\t\t<p><strong>Konate\u013e spolo\u010dnosti<\/strong><br \/>Bc. Kristi\u00e1n Drob\u0148\u00e1k<\/p>\n\t\t\t\t\t\t\t\t<\/div>\n\t\t\t\t<\/div>\n\t\t\t\t\t<\/div>\n\t\t\t\t<\/div>\n\t\t\t\t\t<\/div>\n\t\t\t\t<\/div>\n\t\t\t\t<\/div>\n\t\t","protected":false},"excerpt":{"rendered":"<p>0910 251 362 info@imse.sk IMS.Vasilik, s.r.o.Levo\u010dsk\u00e1 335\/1064 01 Star\u00e1 \u013dubov\u0148a I\u010cO: 55218881I\u010c DPH: SK2121907073 Konate\u013e spolo\u010dnostiMartin Vasil\u00edk IMS.Vasilik, s.r.o.Levo\u010dsk\u00e1 335\/1064 01 Star\u00e1 \u013dubov\u0148a I\u010cO: 45617180I\u010c DPH: SK2023060512 Konate\u013e spolo\u010dnostiMartin Vasil\u00edk ASS-Drobnak s.r.o.Levo\u010dsk\u00e1 335\/1064 01 Star\u00e1 \u013dubov\u0148a I\u010cO: 45430853I\u010c DPH: SK2023024311 Konate\u013e spolo\u010dnostiBc. Kristi\u00e1n Drob\u0148\u00e1k<\/p>\n","protected":false},"author":1,"featured_media":532,"parent":0,"menu_order":0,"comment_status":"closed","ping_status":"closed","template":"","meta":{"_acf_changed":false,"footnotes":""},"znacka":[],"class_list":["post-824","page","type-page","status-publish","has-post-thumbnail","hentry"],"acf":[],"yoast_head":"<!-- This site is optimized with the Yoast SEO plugin v27.2 - https:\/\/yoast.com\/product\/yoast-seo-wordpress\/ -->\n<title>Kontakt | IMSE | 0910 251 362 | info@imse.sk<\/title>\n<meta name=\"description\" content=\"In case of any questions, do not hesitate to contact us. The headquarters of our companies is located at Levo\u010dsk\u00e1 335\/1, 064 01 Star\u00e1 \u013dubov\u0148a.\" \/>\n<meta name=\"robots\" content=\"index, follow, max-snippet:-1, max-image-preview:large, max-video-preview:-1\" \/>\n<link rel=\"canonical\" href=\"https:\/\/imse.sk\/en\/contact\/\" \/>\n<meta property=\"og:locale\" content=\"en_US\" \/>\n<meta property=\"og:type\" content=\"article\" \/>\n<meta property=\"og:title\" content=\"Kontakt | IMSE | 0910 251 362 | info@imse.sk\" \/>\n<meta property=\"og:description\" content=\"In case of any questions, do not hesitate to contact us. The headquarters of our companies is located at Levo\u010dsk\u00e1 335\/1, 064 01 Star\u00e1 \u013dubov\u0148a.\" \/>\n<meta property=\"og:url\" content=\"https:\/\/imse.sk\/en\/contact\/\" \/>\n<meta property=\"og:site_name\" content=\"IMSE\" \/>\n<meta property=\"article:modified_time\" content=\"2024-11-26T09:07:59+00:00\" \/>\n<meta property=\"og:image\" content=\"https:\/\/imse.sk\/wp-content\/uploads\/2024\/06\/zamocnictvo.jpg\" \/>\n\t<meta property=\"og:image:width\" content=\"1200\" \/>\n\t<meta property=\"og:image:height\" content=\"800\" \/>\n\t<meta property=\"og:image:type\" content=\"image\/jpeg\" \/>\n<meta name=\"twitter:card\" content=\"summary_large_image\" \/>\n<script type=\"application\/ld+json\" class=\"yoast-schema-graph\">{\"@context\":\"https:\/\/schema.org\",\"@graph\":[{\"@type\":\"WebPage\",\"@id\":\"https:\/\/imse.sk\/en\/contact\/\",\"url\":\"https:\/\/imse.sk\/en\/contact\/\",\"name\":\"Kontakt | IMSE | 0910 251 362 | info@imse.sk\",\"isPartOf\":{\"@id\":\"https:\/\/imse.sk\/en\/#website\"},\"primaryImageOfPage\":{\"@id\":\"https:\/\/imse.sk\/en\/contact\/#primaryimage\"},\"image\":{\"@id\":\"https:\/\/imse.sk\/en\/contact\/#primaryimage\"},\"thumbnailUrl\":\"https:\/\/imse.sk\/wp-content\/uploads\/2024\/06\/zamocnictvo.jpg\",\"datePublished\":\"2024-06-12T20:03:27+00:00\",\"dateModified\":\"2024-11-26T09:07:59+00:00\",\"description\":\"In case of any questions, do not hesitate to contact us. The headquarters of our companies is located at Levo\u010dsk\u00e1 335\/1, 064 01 Star\u00e1 \u013dubov\u0148a.\",\"breadcrumb\":{\"@id\":\"https:\/\/imse.sk\/en\/contact\/#breadcrumb\"},\"inLanguage\":\"en-US\",\"potentialAction\":[{\"@type\":\"ReadAction\",\"target\":[\"https:\/\/imse.sk\/en\/contact\/\"]}]},{\"@type\":\"ImageObject\",\"inLanguage\":\"en-US\",\"@id\":\"https:\/\/imse.sk\/en\/contact\/#primaryimage\",\"url\":\"https:\/\/imse.sk\/wp-content\/uploads\/2024\/06\/zamocnictvo.jpg\",\"contentUrl\":\"https:\/\/imse.sk\/wp-content\/uploads\/2024\/06\/zamocnictvo.jpg\",\"width\":1200,\"height\":800},{\"@type\":\"BreadcrumbList\",\"@id\":\"https:\/\/imse.sk\/en\/contact\/#breadcrumb\",\"itemListElement\":[{\"@type\":\"ListItem\",\"position\":1,\"name\":\"Domovsk\u00e1 str\u00e1nka\",\"item\":\"https:\/\/imse.sk\/en\/imse\/\"},{\"@type\":\"ListItem\",\"position\":2,\"name\":\"Contact\"}]},{\"@type\":\"WebSite\",\"@id\":\"https:\/\/imse.sk\/en\/#website\",\"url\":\"https:\/\/imse.sk\/en\/\",\"name\":\"IMSE\",\"description\":\"\",\"potentialAction\":[{\"@type\":\"SearchAction\",\"target\":{\"@type\":\"EntryPoint\",\"urlTemplate\":\"https:\/\/imse.sk\/en\/?s={search_term_string}\"},\"query-input\":{\"@type\":\"PropertyValueSpecification\",\"valueRequired\":true,\"valueName\":\"search_term_string\"}}],\"inLanguage\":\"en-US\"}]}<\/script>\n<!-- \/ Yoast SEO plugin. -->","yoast_head_json":{"title":"Kontakt | IMSE | 0910 251 362 | info@imse.sk","description":"In case of any questions, do not hesitate to contact us. The headquarters of our companies is located at Levo\u010dsk\u00e1 335\/1, 064 01 Star\u00e1 \u013dubov\u0148a.","robots":{"index":"index","follow":"follow","max-snippet":"max-snippet:-1","max-image-preview":"max-image-preview:large","max-video-preview":"max-video-preview:-1"},"canonical":"https:\/\/imse.sk\/en\/contact\/","og_locale":"en_US","og_type":"article","og_title":"Kontakt | IMSE | 0910 251 362 | info@imse.sk","og_description":"In case of any questions, do not hesitate to contact us. The headquarters of our companies is located at Levo\u010dsk\u00e1 335\/1, 064 01 Star\u00e1 \u013dubov\u0148a.","og_url":"https:\/\/imse.sk\/en\/contact\/","og_site_name":"IMSE","article_modified_time":"2024-11-26T09:07:59+00:00","og_image":[{"width":1200,"height":800,"url":"https:\/\/imse.sk\/wp-content\/uploads\/2024\/06\/zamocnictvo.jpg","type":"image\/jpeg"}],"twitter_card":"summary_large_image","schema":{"@context":"https:\/\/schema.org","@graph":[{"@type":"WebPage","@id":"https:\/\/imse.sk\/en\/contact\/","url":"https:\/\/imse.sk\/en\/contact\/","name":"Kontakt | IMSE | 0910 251 362 | info@imse.sk","isPartOf":{"@id":"https:\/\/imse.sk\/en\/#website"},"primaryImageOfPage":{"@id":"https:\/\/imse.sk\/en\/contact\/#primaryimage"},"image":{"@id":"https:\/\/imse.sk\/en\/contact\/#primaryimage"},"thumbnailUrl":"https:\/\/imse.sk\/wp-content\/uploads\/2024\/06\/zamocnictvo.jpg","datePublished":"2024-06-12T20:03:27+00:00","dateModified":"2024-11-26T09:07:59+00:00","description":"In case of any questions, do not hesitate to contact us. The headquarters of our companies is located at Levo\u010dsk\u00e1 335\/1, 064 01 Star\u00e1 \u013dubov\u0148a.","breadcrumb":{"@id":"https:\/\/imse.sk\/en\/contact\/#breadcrumb"},"inLanguage":"en-US","potentialAction":[{"@type":"ReadAction","target":["https:\/\/imse.sk\/en\/contact\/"]}]},{"@type":"ImageObject","inLanguage":"en-US","@id":"https:\/\/imse.sk\/en\/contact\/#primaryimage","url":"https:\/\/imse.sk\/wp-content\/uploads\/2024\/06\/zamocnictvo.jpg","contentUrl":"https:\/\/imse.sk\/wp-content\/uploads\/2024\/06\/zamocnictvo.jpg","width":1200,"height":800},{"@type":"BreadcrumbList","@id":"https:\/\/imse.sk\/en\/contact\/#breadcrumb","itemListElement":[{"@type":"ListItem","position":1,"name":"Domovsk\u00e1 str\u00e1nka","item":"https:\/\/imse.sk\/en\/imse\/"},{"@type":"ListItem","position":2,"name":"Contact"}]},{"@type":"WebSite","@id":"https:\/\/imse.sk\/en\/#website","url":"https:\/\/imse.sk\/en\/","name":"IMSE","description":"","potentialAction":[{"@type":"SearchAction","target":{"@type":"EntryPoint","urlTemplate":"https:\/\/imse.sk\/en\/?s={search_term_string}"},"query-input":{"@type":"PropertyValueSpecification","valueRequired":true,"valueName":"search_term_string"}}],"inLanguage":"en-US"}]}},"_links":{"self":[{"href":"https:\/\/imse.sk\/en\/wp-json\/wp\/v2\/pages\/824","targetHints":{"allow":["GET"]}}],"collection":[{"href":"https:\/\/imse.sk\/en\/wp-json\/wp\/v2\/pages"}],"about":[{"href":"https:\/\/imse.sk\/en\/wp-json\/wp\/v2\/types\/page"}],"author":[{"embeddable":true,"href":"https:\/\/imse.sk\/en\/wp-json\/wp\/v2\/users\/1"}],"replies":[{"embeddable":true,"href":"https:\/\/imse.sk\/en\/wp-json\/wp\/v2\/comments?post=824"}],"version-history":[{"count":2,"href":"https:\/\/imse.sk\/en\/wp-json\/wp\/v2\/pages\/824\/revisions"}],"predecessor-version":[{"id":935,"href":"https:\/\/imse.sk\/en\/wp-json\/wp\/v2\/pages\/824\/revisions\/935"}],"wp:featuredmedia":[{"embeddable":true,"href":"https:\/\/imse.sk\/en\/wp-json\/wp\/v2\/media\/532"}],"wp:attachment":[{"href":"https:\/\/imse.sk\/en\/wp-json\/wp\/v2\/media?parent=824"}],"wp:term":[{"taxonomy":"znacka","embeddable":true,"href":"https:\/\/imse.sk\/en\/wp-json\/wp\/v2\/znacka?post=824"}],"curies":[{"name":"wp","href":"https:\/\/api.w.org\/{rel}","templated":true}]}}